{"id":39,"date":"2008-08-12T10:27:14","date_gmt":"2008-08-12T08:27:14","guid":{"rendered":"http:\/\/szinmuvek.hu\/wordpress\/?page_id=39"},"modified":"2026-03-30T09:03:40","modified_gmt":"2026-03-30T08:03:40","slug":"kontakt","status":"publish","type":"page","link":"https:\/\/szinmuvek.hu\/?page_id=39","title":{"rendered":"KONTAKT"},"content":{"rendered":"<p>Sz\u00ednm\u0171vek Kft.<br \/>\n1095 Budapest, Soroks\u00e1ri \u00fat 110.<br \/>\nad\u00f3sz\u00e1m: 13990327-2-43<\/p>\n<p>megk\u00f6zel\u00edthet\u0151s\u00e9g:<br \/>\na Soroks\u00e1ri 110-es sz\u00e1m alatt l\u00e9v\u0151 (most \u00e9pp AKH gumiszerv\u00edzk\u00e9nt \u00fczemel\u0151) benzink\u00fatra kell behajtani, \u00e1thajtani a beton-kordonon, majd a kapu ut\u00e1n a balra l\u00e9v\u0151 \u00e9p\u00fclet.<\/p>\n<p>E-mail:<br \/>\n<img decoding=\"async\" loading=\"lazy\" class=\"alignnone\" title=\"porta@szinmuvek.hu\" src=\"http:\/\/www.szinmuvek.hu\/upload\/blog\/emil.jpg\" alt=\"\" width=\"126\" height=\"17\" \/><\/p>\n<p>&nbsp;<\/p>\n<p>&#8212;-<\/p>\n<p>&nbsp;<\/p>\n<a href=\"http:\/\/www.facebook.com\/share.php?u=https%3A%2F%2Fszinmuvek.hu%2F%3Fpage_id%3D39&amp;t=KONTAKT\" id=\"facebook_share_button_39\" style=\"font-size:11px; line-height:13px; font-family:'lucida grande',tahoma,verdana,arial,sans-serif; text-decoration:none; display: -moz-inline-block; display:inline-block; padding:1px 20px 0 5px; margin: 5px 0; height:15px; border:1px solid #d8dfea; color: #3B5998; background: #fff url(http:\/\/b.static.ak.fbcdn.net\/images\/share\/facebook_share_icon.gif) no-repeat top right;\">Share<\/a>\r\n\t<script type=\"text\/javascript\">\r\n\t<!--\r\n\tvar button = document.getElementById('facebook_share_link_39') || document.getElementById('facebook_share_icon_39') || document.getElementById('facebook_share_both_39') || document.getElementById('facebook_share_button_39');\r\n\tif (button) {\r\n\t\tbutton.onclick = function(e) {\r\n\t\t\tvar url = this.href.replace(\/share\\.php\/, 'sharer.php');\r\n\t\t\twindow.open(url,'sharer','toolbar=0,status=0,width=626,height=436');\r\n\t\t\treturn false;\r\n\t\t}\r\n\t\r\n\t\tif (button.id === 'facebook_share_button_39') {\r\n\t\t\tbutton.onmouseover = function(){\r\n\t\t\t\tthis.style.color='#fff';\r\n\t\t\t\tthis.style.borderColor = '#295582';\r\n\t\t\t\tthis.style.backgroundColor = '#3b5998';\r\n\t\t\t}\r\n\t\t\tbutton.onmouseout = function(){\r\n\t\t\t\tthis.style.color = '#3b5998';\r\n\t\t\t\tthis.style.borderColor = '#d8dfea';\r\n\t\t\t\tthis.style.backgroundColor = '#fff';\r\n\t\t\t}\r\n\t\t}\r\n\t}\r\n\t-->\r\n\t<\/script>\r\n\t","protected":false},"excerpt":{"rendered":"<p>Sz\u00ednm\u0171vek Kft. 1095 Budapest, Soroks\u00e1ri \u00fat 110. ad\u00f3sz\u00e1m: 13990327-2-43 megk\u00f6zel\u00edthet\u0151s\u00e9g: a Soroks\u00e1ri 110-es sz\u00e1m alatt l\u00e9v\u0151 (most \u00e9pp AKH gumiszerv\u00edzk\u00e9nt \u00fczemel\u0151) benzink\u00fatra kell behajtani, \u00e1thajtani a beton-kordonon, majd a kapu ut\u00e1n a balra l\u00e9v\u0151 \u00e9p\u00fclet. E-mail: &nbsp; &#8212;- &nbsp; Share<\/p>\n<a href=\"http:\/\/www.facebook.com\/share.php?u=https%3A%2F%2Fszinmuvek.hu%2F%3Fpage_id%3D39&amp;t=KONTAKT\" id=\"facebook_share_button_39\" style=\"font-size:11px; line-height:13px; font-family:'lucida grande',tahoma,verdana,arial,sans-serif; text-decoration:none; display: -moz-inline-block; display:inline-block; padding:1px 20px 0 5px; margin: 5px 0; height:15px; border:1px solid #d8dfea; color: #3B5998; background: #fff url(http:\/\/b.static.ak.fbcdn.net\/images\/share\/facebook_share_icon.gif) no-repeat top right;\">Share<\/a>\r\n\t<script type=\"text\/javascript\">\r\n\t<!--\r\n\tvar button = document.getElementById('facebook_share_link_39') || document.getElementById('facebook_share_icon_39') || document.getElementById('facebook_share_both_39') || document.getElementById('facebook_share_button_39');\r\n\tif (button) {\r\n\t\tbutton.onclick = function(e) {\r\n\t\t\tvar url = this.href.replace(\/share\\.php\/, 'sharer.php');\r\n\t\t\twindow.open(url,'sharer','toolbar=0,status=0,width=626,height=436');\r\n\t\t\treturn false;\r\n\t\t}\r\n\t\r\n\t\tif (button.id === 'facebook_share_button_39') {\r\n\t\t\tbutton.onmouseover = function(){\r\n\t\t\t\tthis.style.color='#fff';\r\n\t\t\t\tthis.style.borderColor = '#295582';\r\n\t\t\t\tthis.style.backgroundColor = '#3b5998';\r\n\t\t\t}\r\n\t\t\tbutton.onmouseout = function(){\r\n\t\t\t\tthis.style.color = '#3b5998';\r\n\t\t\t\tthis.style.borderColor = '#d8dfea';\r\n\t\t\t\tthis.style.backgroundColor = '#fff';\r\n\t\t\t}\r\n\t\t}\r\n\t}\r\n\t-->\r\n\t<\/script>\r\n\t","protected":false},"author":1,"featured_media":0,"parent":2,"menu_order":0,"comment_status":"open","ping_status":"open","template":"","meta":{"ngg_post_thumbnail":0},"_links":{"self":[{"href":"https:\/\/szinmuvek.hu\/index.php?rest_route=\/wp\/v2\/pages\/39"}],"collection":[{"href":"https:\/\/szinmuvek.hu\/index.php?rest_route=\/wp\/v2\/pages"}],"about":[{"href":"https:\/\/szinmuvek.hu\/index.php?rest_route=\/wp\/v2\/types\/page"}],"author":[{"embeddable":true,"href":"https:\/\/szinmuvek.hu\/index.php?rest_route=\/wp\/v2\/users\/1"}],"replies":[{"embeddable":true,"href":"https:\/\/szinmuvek.hu\/index.php?rest_route=%2Fwp%2Fv2%2Fcomments&post=39"}],"version-history":[{"count":86,"href":"https:\/\/szinmuvek.hu\/index.php?rest_route=\/wp\/v2\/pages\/39\/revisions"}],"predecessor-version":[{"id":1434,"href":"https:\/\/szinmuvek.hu\/index.php?rest_route=\/wp\/v2\/pages\/39\/revisions\/1434"}],"up":[{"embeddable":true,"href":"https:\/\/szinmuvek.hu\/index.php?rest_route=\/wp\/v2\/pages\/2"}],"wp:attachment":[{"href":"https:\/\/szinmuvek.hu\/index.php?rest_route=%2Fwp%2Fv2%2Fmedia&parent=39"}],"curies":[{"name":"wp","href":"https:\/\/api.w.org\/{rel}","templated":true}]}}