{"id":1367,"date":"2020-12-10T11:02:45","date_gmt":"2020-12-10T10:02:45","guid":{"rendered":"http:\/\/szinmuvek.hu\/?page_id=1367"},"modified":"2026-04-08T14:05:40","modified_gmt":"2026-04-08T13:05:40","slug":"palyazat","status":"publish","type":"page","link":"https:\/\/szinmuvek.hu\/?page_id=1367","title":{"rendered":"P\u00e1ly\u00e1zat"},"content":{"rendered":"\n<figure class=\"wp-block-image size-full\"><a href=\"https:\/\/szinmuvek.hu\/wordpress\/wp-content\/uploads\/2026\/04\/rrf_infoblokk_allo_szurke_magyar_rgb-2.jpg\"><img decoding=\"async\" loading=\"lazy\" width=\"560\" height=\"514\" src=\"https:\/\/szinmuvek.hu\/wordpress\/wp-content\/uploads\/2026\/04\/rrf_infoblokk_allo_szurke_magyar_rgb-2.jpg\" alt=\"\" class=\"wp-image-1439\" srcset=\"https:\/\/szinmuvek.hu\/wordpress\/wp-content\/uploads\/2026\/04\/rrf_infoblokk_allo_szurke_magyar_rgb-2.jpg 560w, https:\/\/szinmuvek.hu\/wordpress\/wp-content\/uploads\/2026\/04\/rrf_infoblokk_allo_szurke_magyar_rgb-2-300x275.jpg 300w\" sizes=\"(max-width: 560px) 100vw, 560px\" \/><\/a><\/figure>\n\n\n\n<p><br \/>Sikeresen indultunk el a <strong>OP_PLUSZ-2.1.3-24-2025-01372<\/strong> p\u00e1ly\u00e1zaton.<\/p>\n\n\n\n<p><strong>A beruh\u00e1z\u00e1s sor\u00e1n \u00faj gy\u00e1rt\u00e1si technol\u00f3gia bevezet\u00e9se c\u00e9lj\u00e1b\u00f3l beszerz\u00e9sre ker\u00fcl 1 db HandTop 3020 s\u00edk\u00e1gyas UV-nyomtat\u00f3.<\/strong><\/p>\n\n\n\n<p><strong>A termel\u00e9si\/gy\u00e1rt\u00e1si innov\u00e1ci\u00f3 c\u00e9lja, olyan t\u00f6bb r\u00e9teg\u0171 nyomtat\u00e1st el\u00e9rni, amellyel a megrendel\u0151k \u00e1ltal elv\u00e1rt val\u00f3s\u00e1gh\u0171 text\u00far\u00e1t tudjuk el\u0151\u00e1ll\u00edtani. Tov\u00e1bbi c\u00e9l n\u00f6velni a gy\u00e1rt\u00e1si kapacit\u00e1st, mik\u00f6zben cs\u00f6kken a visszapoz\u00edcion\u00e1l\u00e1s miatt selejtar\u00e1ny az \u00faj technol\u00f3giai elj\u00e1r\u00e1snak k\u00f6sz\u00f6nhet\u0151en.<\/strong><\/p>\n\n\n\n<p><\/p>\n\n\n\n<ul>\n<li>A kedvezm\u00e9nyezett neve: <br \/>Sz\u00ednm\u0171vek Grafikai Szolg\u00e1ltat\u00f3 Kft.<br \/><\/li>\n\n\n\n<li>A projekt c\u00edme: <br \/><strong>Gy\u00e1rt\u00e1si \u00e9s marketing innov\u00e1ci\u00f3 megval\u00f3s\u00edt\u00e1sa a Sz\u00ednm\u0171vek Grafikai Szolg\u00e1ltat\u00f3 Kft-n\u00e9l.<\/strong><br \/><\/li>\n\n\n\n<li>A projekt azonos\u00edt\u00f3sz\u00e1ma: <br \/><strong>GINOP_PLUSZ-2.1.3-24-2025-01372<\/strong><br \/><\/li>\n\n\n\n<li>A szerz\u0151d\u00f6tt t\u00e1mogat\u00e1s \u00f6sszege: <br \/>49 915 067 Ft<br \/><\/li>\n\n\n\n<li>A t\u00e1mogat\u00e1s m\u00e9rt\u00e9ke: <br \/>69,79%<br \/><\/li>\n\n\n\n<li>A t\u00e1mogatott projekt kezdeti d\u00e1tuma: <br \/><strong>2025.10.01.<\/strong><br \/><\/li>\n\n\n\n<li>A t\u00e1mogatott projekt befejez\u00e9si d\u00e1tuma: \u00a0<br \/><em>2027.04.01<\/em>.<\/li>\n<\/ul>\n\n\n\n<figure class=\"wp-block-gallery has-nested-images columns-default is-cropped wp-block-gallery-1 is-layout-flex\"><\/figure>\n<a href=\"http:\/\/www.facebook.com\/share.php?u=https%3A%2F%2Fszinmuvek.hu%2F%3Fpage_id%3D1367&amp;t=P%C3%A1ly%C3%A1zat\" id=\"facebook_share_button_1367\" style=\"font-size:11px; line-height:13px; font-family:'lucida grande',tahoma,verdana,arial,sans-serif; text-decoration:none; display: -moz-inline-block; display:inline-block; padding:1px 20px 0 5px; margin: 5px 0; height:15px; border:1px solid #d8dfea; color: #3B5998; background: #fff url(http:\/\/b.static.ak.fbcdn.net\/images\/share\/facebook_share_icon.gif) no-repeat top right;\">Share<\/a>\r\n\t<script type=\"text\/javascript\">\r\n\t<!--\r\n\tvar button = document.getElementById('facebook_share_link_1367') || document.getElementById('facebook_share_icon_1367') || document.getElementById('facebook_share_both_1367') || document.getElementById('facebook_share_button_1367');\r\n\tif (button) {\r\n\t\tbutton.onclick = function(e) {\r\n\t\t\tvar url = this.href.replace(\/share\\.php\/, 'sharer.php');\r\n\t\t\twindow.open(url,'sharer','toolbar=0,status=0,width=626,height=436');\r\n\t\t\treturn false;\r\n\t\t}\r\n\t\r\n\t\tif (button.id === 'facebook_share_button_1367') {\r\n\t\t\tbutton.onmouseover = function(){\r\n\t\t\t\tthis.style.color='#fff';\r\n\t\t\t\tthis.style.borderColor = '#295582';\r\n\t\t\t\tthis.style.backgroundColor = '#3b5998';\r\n\t\t\t}\r\n\t\t\tbutton.onmouseout = function(){\r\n\t\t\t\tthis.style.color = '#3b5998';\r\n\t\t\t\tthis.style.borderColor = '#d8dfea';\r\n\t\t\t\tthis.style.backgroundColor = '#fff';\r\n\t\t\t}\r\n\t\t}\r\n\t}\r\n\t-->\r\n\t<\/script>\r\n\t","protected":false},"excerpt":{"rendered":"<p>Sikeresen indultunk el a OP_PLUSZ-2.1.3-24-2025-01372 p\u00e1ly\u00e1zaton. A beruh\u00e1z\u00e1s sor\u00e1n \u00faj gy\u00e1rt\u00e1si technol\u00f3gia bevezet\u00e9se c\u00e9lj\u00e1b\u00f3l beszerz\u00e9sre ker\u00fcl 1 db HandTop 3020 s\u00edk\u00e1gyas UV-nyomtat\u00f3. A termel\u00e9si\/gy\u00e1rt\u00e1si innov\u00e1ci\u00f3 c\u00e9lja, olyan t\u00f6bb r\u00e9teg\u0171 nyomtat\u00e1st el\u00e9rni, amellyel a megrendel\u0151k \u00e1ltal elv\u00e1rt val\u00f3s\u00e1gh\u0171 text\u00far\u00e1t tudjuk el\u0151\u00e1ll\u00edtani. Tov\u00e1bbi c\u00e9l n\u00f6velni a gy\u00e1rt\u00e1si kapacit\u00e1st, mik\u00f6zben cs\u00f6kken a visszapoz\u00edcion\u00e1l\u00e1s miatt selejtar\u00e1ny az \u00faj technol\u00f3giai [&hellip;]<\/p>\n<a href=\"http:\/\/www.facebook.com\/share.php?u=https%3A%2F%2Fszinmuvek.hu%2F%3Fpage_id%3D1367&amp;t=P%C3%A1ly%C3%A1zat\" id=\"facebook_share_button_1367\" style=\"font-size:11px; line-height:13px; font-family:'lucida grande',tahoma,verdana,arial,sans-serif; text-decoration:none; display: -moz-inline-block; display:inline-block; padding:1px 20px 0 5px; margin: 5px 0; height:15px; border:1px solid #d8dfea; color: #3B5998; background: #fff url(http:\/\/b.static.ak.fbcdn.net\/images\/share\/facebook_share_icon.gif) no-repeat top right;\">Share<\/a>\r\n\t<script type=\"text\/javascript\">\r\n\t<!--\r\n\tvar button = document.getElementById('facebook_share_link_1367') || document.getElementById('facebook_share_icon_1367') || document.getElementById('facebook_share_both_1367') || document.getElementById('facebook_share_button_1367');\r\n\tif (button) {\r\n\t\tbutton.onclick = function(e) {\r\n\t\t\tvar url = this.href.replace(\/share\\.php\/, 'sharer.php');\r\n\t\t\twindow.open(url,'sharer','toolbar=0,status=0,width=626,height=436');\r\n\t\t\treturn false;\r\n\t\t}\r\n\t\r\n\t\tif (button.id === 'facebook_share_button_1367') {\r\n\t\t\tbutton.onmouseover = function(){\r\n\t\t\t\tthis.style.color='#fff';\r\n\t\t\t\tthis.style.borderColor = '#295582';\r\n\t\t\t\tthis.style.backgroundColor = '#3b5998';\r\n\t\t\t}\r\n\t\t\tbutton.onmouseout = function(){\r\n\t\t\t\tthis.style.color = '#3b5998';\r\n\t\t\t\tthis.style.borderColor = '#d8dfea';\r\n\t\t\t\tthis.style.backgroundColor = '#fff';\r\n\t\t\t}\r\n\t\t}\r\n\t}\r\n\t-->\r\n\t<\/script>\r\n\t","protected":false},"author":3,"featured_media":0,"parent":0,"menu_order":0,"comment_status":"closed","ping_status":"closed","template":"","meta":{"ngg_post_thumbnail":0},"_links":{"self":[{"href":"https:\/\/szinmuvek.hu\/index.php?rest_route=\/wp\/v2\/pages\/1367"}],"collection":[{"href":"https:\/\/szinmuvek.hu\/index.php?rest_route=\/wp\/v2\/pages"}],"about":[{"href":"https:\/\/szinmuvek.hu\/index.php?rest_route=\/wp\/v2\/types\/page"}],"author":[{"embeddable":true,"href":"https:\/\/szinmuvek.hu\/index.php?rest_route=\/wp\/v2\/users\/3"}],"replies":[{"embeddable":true,"href":"https:\/\/szinmuvek.hu\/index.php?rest_route=%2Fwp%2Fv2%2Fcomments&post=1367"}],"version-history":[{"count":9,"href":"https:\/\/szinmuvek.hu\/index.php?rest_route=\/wp\/v2\/pages\/1367\/revisions"}],"predecessor-version":[{"id":1440,"href":"https:\/\/szinmuvek.hu\/index.php?rest_route=\/wp\/v2\/pages\/1367\/revisions\/1440"}],"wp:attachment":[{"href":"https:\/\/szinmuvek.hu\/index.php?rest_route=%2Fwp%2Fv2%2Fmedia&parent=1367"}],"curies":[{"name":"wp","href":"https:\/\/api.w.org\/{rel}","templated":true}]}}